{"id":15,"date":"2024-06-07T23:37:05","date_gmt":"2024-06-07T21:37:05","guid":{"rendered":"https:\/\/saludnicolas.cl\/?page_id=15"},"modified":"2024-06-26T22:23:19","modified_gmt":"2024-06-26T20:23:19","slug":"contacto","status":"publish","type":"page","link":"https:\/\/saludnicolas.cl\/index.php\/contacto\/","title":{"rendered":"Contacto"},"content":{"rendered":"<p>[et_pb_section fb_built=\u00bb1&#8243; custom_padding_last_edited=\u00bbon|phone\u00bb _builder_version=\u00bb4.25.1&#8243; _module_preset=\u00bbdefault\u00bb background_color=\u00bb#41BFBF\u00bb background_image=\u00bbhttps:\/\/saludnicolas.cl\/wp-content\/uploads\/2024\/06\/MUJER-CON-NINA-HABLANDO-POR-CELULAR.jpg\u00bb background_position=\u00bbtop_center\u00bb background_blend=\u00bbmultiply\u00bb custom_padding=\u00bb200px||200px||true|\u00bb custom_padding_tablet=\u00bb100px||100px||true|false\u00bb custom_padding_phone=\u00bb70px||70px||true|false\u00bb bottom_divider_style=\u00bbasymmetric4&#8243; bottom_divider_color=\u00bb#FFFFFF\u00bb bottom_divider_height=\u00bb200px\u00bb global_colors_info=\u00bb{}\u00bb][et_pb_row _builder_version=\u00bb4.25.1&#8243; _module_preset=\u00bbdefault\u00bb global_colors_info=\u00bb{}\u00bb][et_pb_column type=\u00bb4_4&#8243; _builder_version=\u00bb4.25.1&#8243; _module_preset=\u00bbdefault\u00bb global_colors_info=\u00bb{}\u00bb][et_pb_text _builder_version=\u00bb4.25.1&#8243; _dynamic_attributes=\u00bbcontent\u00bb _module_preset=\u00bbdefault\u00bb header_font=\u00bb|&#8211;et_global_heading_font_weight|||||||\u00bb header_text_align=\u00bbcenter\u00bb header_text_color=\u00bb#F2F2F2&#8243; header_font_size=\u00bb65px\u00bb header_letter_spacing=\u00bb-1px\u00bb header_font_size_tablet=\u00bb40px\u00bb header_font_size_phone=\u00bb40px\u00bb header_font_size_last_edited=\u00bbon|phone\u00bb global_colors_info=\u00bb{}\u00bb]@ET-DC@eyJkeW5hbWljIjp0cnVlLCJjb250ZW50IjoicG9zdF9saW5rIiwic2V0dGluZ3MiOnsiYmVmb3JlIjoiPEgxPiIsImFmdGVyIjoiPEgxPiIsInRleHQiOiJwb3N0X3RpdGxlIiwiY3VzdG9tX3RleHQiOiIifX0=@[\/et_pb_text][\/et_pb_column][\/et_pb_row][\/et_pb_section][et_pb_section fb_built=\u00bb1&#8243; custom_padding_last_edited=\u00bbon|desktop\u00bb admin_label=\u00bbHeader\u00bb _builder_version=\u00bb4.25.2&#8243; _module_preset=\u00bbdefault\u00bb background_color=\u00bb#F2F2F2&#8243; custom_margin=\u00bb100px||||false|false\u00bb custom_margin_tablet=\u00bb50px||||false|false\u00bb custom_margin_phone=\u00bb50px||||false|false\u00bb custom_margin_last_edited=\u00bbon|phone\u00bb custom_padding=\u00bb100px||100px||true|\u00bb custom_padding_tablet=\u00bb80px||80px||true|false\u00bb custom_padding_phone=\u00bb80px||80px||true|false\u00bb collapsed=\u00bbon\u00bb global_colors_info=\u00bb{}\u00bb][et_pb_row column_structure=\u00bb1_3,1_3,1_3&#8243; make_equal=\u00bbon\u00bb _builder_version=\u00bb4.25.2&#8243; _module_preset=\u00bbdefault\u00bb animation_style=\u00bbbounce\u00bb animation_direction=\u00bbbottom\u00bb animation_delay=\u00bb200ms\u00bb global_colors_info=\u00bb{}\u00bb][et_pb_column type=\u00bb1_3&#8243; _builder_version=\u00bb4.17.4&#8243; _module_preset=\u00bbdefault\u00bb global_colors_info=\u00bb{}\u00bb][et_pb_icon font_icon=\u00bb&#xf879;||fa||900&#8243; icon_color=\u00bb#FFFFFF\u00bb icon_width=\u00bb32px\u00bb _builder_version=\u00bb4.25.1&#8243; _module_preset=\u00bbdefault\u00bb background_color=\u00bb#41BFBF\u00bb custom_padding=\u00bb32px|32px|32px|32px|true|true\u00bb border_radii=\u00bbon|400px|400px|400px|400px\u00bb global_colors_info=\u00bb{}\u00bb][\/et_pb_icon][et_pb_blurb title=\u00bbFono\u00bb _builder_version=\u00bb4.25.2&#8243; _module_preset=\u00bbdefault\u00bb header_font=\u00bb|800|||||||\u00bb header_text_align=\u00bbcenter\u00bb header_text_color=\u00bb#165873&#8243; header_font_size=\u00bb30px\u00bb header_letter_spacing=\u00bb-1px\u00bb body_font=\u00bb|600|||||||\u00bb body_text_align=\u00bbcenter\u00bb body_text_color=\u00bb#494949&#8243; body_font_size=\u00bb22px\u00bb body_letter_spacing=\u00bb2px\u00bb module_alignment=\u00bbcenter\u00bb custom_margin=\u00bb||8px|||\u00bb header_font_size_tablet=\u00bb24px\u00bb header_font_size_phone=\u00bb24px\u00bb header_font_size_last_edited=\u00bbon|tablet\u00bb global_colors_info=\u00bb{}\u00bb][\/et_pb_blurb][et_pb_button button_url=\u00bbtel:442896675&#8243; button_text=\u00bb44 2896 675&#8243; button_alignment=\u00bbcenter\u00bb _builder_version=\u00bb4.25.2&#8243; _module_preset=\u00bbdefault\u00bb custom_button=\u00bbon\u00bb button_text_color=\u00bb#41BFBF\u00bb button_bg_color=\u00bbRGBA(255,255,255,0)\u00bb button_border_color=\u00bb#41BFBF\u00bb button_border_radius=\u00bb23px\u00bb button_icon=\u00bb&#xe090;||divi||400&#8243; button_icon_color=\u00bb#3FBFB2&#8243; button_icon_placement=\u00bbleft\u00bb button_on_hover=\u00bboff\u00bb custom_margin=\u00bb||10px|||\u00bb global_colors_info=\u00bb{}\u00bb button_bg_color__hover_enabled=\u00bbon|desktop\u00bb button_bg_color__hover=\u00bb#F2F2F2&#8243; button_bg_enable_color__hover=\u00bbon\u00bb button_border_color__hover_enabled=\u00bbon|hover\u00bb button_border_color__hover=\u00bb#41BFBF\u00bb][\/et_pb_button][et_pb_button button_url=\u00bbtel:272518542&#8243; button_text=\u00bb2 7251 8542&#8243; button_alignment=\u00bbcenter\u00bb _builder_version=\u00bb4.25.2&#8243; _module_preset=\u00bbdefault\u00bb custom_button=\u00bbon\u00bb button_text_color=\u00bb#41BFBF\u00bb button_bg_color=\u00bbRGBA(255,255,255,0)\u00bb button_border_color=\u00bb#41BFBF\u00bb button_border_radius=\u00bb23px\u00bb button_icon=\u00bb&#xe090;||divi||400&#8243; button_icon_color=\u00bb#3FBFB2&#8243; button_icon_placement=\u00bbleft\u00bb button_on_hover=\u00bboff\u00bb global_colors_info=\u00bb{}\u00bb button_bg_color__hover_enabled=\u00bbon|desktop\u00bb button_bg_color__hover=\u00bb#F2F2F2&#8243; button_bg_enable_color__hover=\u00bbon\u00bb button_border_color__hover_enabled=\u00bbon|hover\u00bb button_border_color__hover=\u00bb#41BFBF\u00bb][\/et_pb_button][\/et_pb_column][et_pb_column type=\u00bb1_3&#8243; _builder_version=\u00bb4.17.4&#8243; _module_preset=\u00bbdefault\u00bb global_colors_info=\u00bb{}\u00bb][et_pb_icon font_icon=\u00bb&#xe076;||divi||400&#8243; icon_color=\u00bb#FFFFFF\u00bb icon_width=\u00bb32px\u00bb _builder_version=\u00bb4.17.4&#8243; _module_preset=\u00bbdefault\u00bb background_color=\u00bb#41BFBF\u00bb custom_padding=\u00bb32px|32px|32px|32px|true|true\u00bb border_radii=\u00bbon|400px|400px|400px|400px\u00bb global_colors_info=\u00bb{}\u00bb][\/et_pb_icon][et_pb_text _builder_version=\u00bb4.25.1&#8243; _module_preset=\u00bb4827deed-2a92-4d97-a22f-f01067ae6873&#8243; text_font=\u00bb|600|||||||\u00bb text_text_color=\u00bb#494949&#8243; header_font=\u00bb||||||||\u00bb header_4_font=\u00bb&#8211;et_global_heading_font|800|||||||\u00bb header_4_text_color=\u00bb#165873&#8243; header_4_font_size=\u00bb30px\u00bb header_4_line_height=\u00bb1.4em\u00bb text_orientation=\u00bbcenter\u00bb custom_margin=\u00bb||0px||false|false\u00bb text_font_size_tablet=\u00bb17px\u00bb text_font_size_phone=\u00bb17px\u00bb text_font_size_last_edited=\u00bbon|phone\u00bb header_4_font_size_tablet=\u00bb24px\u00bb header_4_font_size_phone=\u00bb24px\u00bb header_4_font_size_last_edited=\u00bbon|phone\u00bb global_colors_info=\u00bb{}\u00bb]<\/p>\n<h4>Correo Electr\u00f3nico<\/h4>\n<p>[\/et_pb_text][et_pb_text _builder_version=\u00bb4.25.2&#8243; _module_preset=\u00bb4c43b4b6-66bf-432d-959a-705bda24a650&#8243; text_font=\u00bb|600|||||||\u00bb text_text_color=\u00bb#494949&#8243; header_font=\u00bb||||||||\u00bb header_4_font=\u00bb&#8211;et_global_heading_font|800|||||||\u00bb header_4_text_color=\u00bb#165873&#8243; header_4_font_size=\u00bb30px\u00bb header_4_line_height=\u00bb1.4em\u00bb text_orientation=\u00bbcenter\u00bb custom_margin=\u00bb||0px||false|false\u00bb text_font_size_tablet=\u00bb17px\u00bb text_font_size_phone=\u00bb17px\u00bb text_font_size_last_edited=\u00bbon|phone\u00bb header_4_font_size_tablet=\u00bb24px\u00bb header_4_font_size_phone=\u00bb24px\u00bb header_4_font_size_last_edited=\u00bbon|phone\u00bb global_colors_info=\u00bb{}\u00bb]<\/p>\n<p>administracion@saludnicolas.cl<\/p>\n<p>[\/et_pb_text][\/et_pb_column][et_pb_column type=\u00bb1_3&#8243; _builder_version=\u00bb4.17.4&#8243; _module_preset=\u00bbdefault\u00bb global_colors_info=\u00bb{}\u00bb][et_pb_icon font_icon=\u00bb&#xe081;||divi||400&#8243; icon_color=\u00bb#FFFFFF\u00bb icon_width=\u00bb32px\u00bb _builder_version=\u00bb4.25.1&#8243; _module_preset=\u00bbdefault\u00bb background_color=\u00bb#41BFBF\u00bb custom_padding=\u00bb32px|32px|32px|32px|true|true\u00bb border_radii=\u00bbon|400px|400px|400px|400px\u00bb global_colors_info=\u00bb{}\u00bb][\/et_pb_icon][et_pb_text _builder_version=\u00bb4.25.1&#8243; _module_preset=\u00bb4827deed-2a92-4d97-a22f-f01067ae6873&#8243; text_font=\u00bb|600|||||||\u00bb text_text_color=\u00bb#494949&#8243; header_font=\u00bb||||||||\u00bb header_4_font=\u00bb&#8211;et_global_heading_font|800|||||||\u00bb header_4_text_color=\u00bb#165873&#8243; header_4_font_size=\u00bb30px\u00bb header_4_line_height=\u00bb1.4em\u00bb text_orientation=\u00bbcenter\u00bb custom_margin=\u00bb||0px||false|false\u00bb text_font_size_tablet=\u00bb17px\u00bb text_font_size_phone=\u00bb17px\u00bb text_font_size_last_edited=\u00bbon|phone\u00bb header_4_font_size_tablet=\u00bb24px\u00bb header_4_font_size_phone=\u00bb24px\u00bb header_4_font_size_last_edited=\u00bbon|phone\u00bb global_colors_info=\u00bb{}\u00bb]<\/p>\n<h4>Direcci\u00f3n<\/h4>\n<p>[\/et_pb_text][et_pb_text _builder_version=\u00bb4.25.1&#8243; _module_preset=\u00bb4c43b4b6-66bf-432d-959a-705bda24a650&#8243; text_font=\u00bb|600|||||||\u00bb text_text_color=\u00bb#494949&#8243; header_font=\u00bb||||||||\u00bb header_4_font=\u00bb&#8211;et_global_heading_font|800|||||||\u00bb header_4_text_color=\u00bb#165873&#8243; header_4_font_size=\u00bb30px\u00bb header_4_line_height=\u00bb1.4em\u00bb text_orientation=\u00bbcenter\u00bb custom_margin=\u00bb||0px||false|false\u00bb text_font_size_tablet=\u00bb17px\u00bb text_font_size_phone=\u00bb17px\u00bb text_font_size_last_edited=\u00bbon|phone\u00bb header_4_font_size_tablet=\u00bb24px\u00bb header_4_font_size_phone=\u00bb24px\u00bb header_4_font_size_last_edited=\u00bbon|phone\u00bb global_colors_info=\u00bb{}\u00bb]<\/p>\n<p>Argomedo #2093 Quinta de Tilcoco<\/p>\n<p>[\/et_pb_text][\/et_pb_column][\/et_pb_row][\/et_pb_section][et_pb_section fb_built=\u00bb1&#8243; _builder_version=\u00bb4.25.2&#8243; _module_preset=\u00bbdefault\u00bb global_colors_info=\u00bb{}\u00bb][et_pb_row _builder_version=\u00bb4.25.2&#8243; _module_preset=\u00bbdefault\u00bb global_colors_info=\u00bb{}\u00bb][et_pb_column type=\u00bb4_4&#8243; _builder_version=\u00bb4.25.2&#8243; _module_preset=\u00bbdefault\u00bb global_colors_info=\u00bb{}\u00bb][et_pb_code _builder_version=\u00bb4.25.1&#8243; _module_preset=\u00bbdefault\u00bb global_colors_info=\u00bb{}\u00bb]<iframe src=\"https:\/\/www.google.com\/maps\/embed?pb=!1m18!1m12!1m3!1d3293.7387609473394!2d-70.96794442302173!3d-34.3571261730437!2m3!1f0!2f0!3f0!3m2!1i1024!2i768!4f13.1!3m3!1m2!1s0x966363a1f75f640d%3A0xed736cf2f6b4b66!2sCentro%20m%C3%A9dico%20San%20Nicolas!5e0!3m2!1ses-419!2scl!4v1718213628619!5m2!1ses-419!2scl\" width=\"1920\" height=\"450\" style=\"border:0;\" allowfullscreen=\"\" loading=\"lazy\" referrerpolicy=\"no-referrer-when-downgrade\"><\/iframe>[\/et_pb_code][\/et_pb_column][\/et_pb_row][\/et_pb_section][et_pb_section fb_built=\u00bb1&#8243; custom_padding_last_edited=\u00bbon|desktop\u00bb admin_label=\u00bbContact\u00bb _builder_version=\u00bb4.25.2&#8243; _module_preset=\u00bbdefault\u00bb background_image=\u00bbhttps:\/\/saludnicolas.cl\/wp-content\/uploads\/2024\/06\/ENFERMERA-ANOTANDO-APUNTES.jpg\u00bb background_enable_mask_style=\u00bbon\u00bb background_mask_style=\u00bbcorner-square\u00bb background_mask_color=\u00bb#FFFFFF\u00bb background_mask_transform=\u00bbflip_horizontal|flip_vertical\u00bb background_mask_size=\u00bbcover\u00bb background_mask_position=\u00bbbottom_center\u00bb background_mask_vertical_offset=\u00bb51%\u00bb custom_padding=\u00bb22px||22px||true|\u00bb custom_padding_tablet=\u00bb||200px|||\u00bb custom_padding_phone=\u00bb||60px||false|false\u00bb background_color_tablet=\u00bb#F2F2F2&#8243; background_last_edited=\u00bbon|desktop\u00bb background_enable_color_tablet=\u00bbon\u00bb background_size_tablet=\u00bbcover\u00bb background_position_tablet=\u00bbcenter_left\u00bb background_horizontal_offset_tablet=\u00bb16%\u00bb background_horizontal_offset_phone=\u00bb27%\u00bb background_vertical_offset_tablet=\u00bb-49%\u00bb background_blend_tablet=\u00bboverlay\u00bb background_enable_mask_style_tablet=\u00bboff\u00bb collapsed=\u00bbon\u00bb global_colors_info=\u00bb{}\u00bb][et_pb_row column_structure=\u00bb2_5,3_5&#8243; _builder_version=\u00bb4.25.2&#8243; _module_preset=\u00bbdefault\u00bb global_colors_info=\u00bb{}\u00bb][et_pb_column type=\u00bb2_5&#8243; _builder_version=\u00bb4.17.4&#8243; _module_preset=\u00bbdefault\u00bb global_colors_info=\u00bb{}\u00bb][\/et_pb_column][et_pb_column type=\u00bb3_5&#8243; _builder_version=\u00bb4.25.2&#8243; _module_preset=\u00bbdefault\u00bb custom_padding=\u00bb|||20px|false|false\u00bb custom_padding_tablet=\u00bb|||0px|false|false\u00bb custom_padding_phone=\u00bb|||0px|false|false\u00bb custom_padding_last_edited=\u00bbon|desktop\u00bb global_colors_info=\u00bb{}\u00bb][et_pb_text _builder_version=\u00bb4.25.2&#8243; _module_preset=\u00bbb327cbe4-b1d5-4b66-ad37-40c8f2f061ba\u00bb header_2_font=\u00bb|800|||||||\u00bb header_2_text_color=\u00bb#0E4C73&#8243; header_2_font_size=\u00bb55px\u00bb header_2_line_height=\u00bb1.2em\u00bb header_2_font_size_tablet=\u00bb40px\u00bb header_2_font_size_phone=\u00bb30px\u00bb header_2_font_size_last_edited=\u00bbon|phone\u00bb global_colors_info=\u00bb{}\u00bb]<\/p>\n<h2><span>Te invitamos a ser parte de nuestro equipo.<\/span><\/h2>\n<p>[\/et_pb_text][et_pb_text _builder_version=\u00bb4.25.2&#8243; _module_preset=\u00bb1f09816e-184e-4ce5-a4cf-b39c52c423ca\u00bb text_font=\u00bbLibre Franklin||||||||\u00bb text_font_size=\u00bb16px\u00bb text_font_size_tablet=\u00bb15px\u00bb text_font_size_phone=\u00bb14px\u00bb text_font_size_last_edited=\u00bbon|phone\u00bb header_font_size_tablet=\u00bb55px\u00bb header_font_size_last_edited=\u00bboff|desktop\u00bb global_colors_info=\u00bb{}\u00bb]<\/p>\n<p><span>En <strong>Centro M\u00e9dico san Nicol\u00e1s<\/strong> puedes dejarnos tu curriculum y nos pondremos en contacto contigo para que te sumes a nuestra familia de profesionales.<\/span><\/p>\n<p>[\/et_pb_text][dvppl_cf7_styler form_bg=\u00bb#FFFFFF\u00bb cf7=\u00bb278019&#8243; form_field_padding=\u00bb12px|19px|12px|19px|true|true\u00bb form_background_color=\u00bb#FFFFFF\u00bb form_field_spacing=\u00bb32px\u00bb form_label_spacing=\u00bb8px\u00bb cf7_message_color=\u00bb#165873&#8243; cf7_message_bg_color=\u00bb#F2F2F2&#8243; _builder_version=\u00bb4.25.2&#8243; _module_preset=\u00bbdefault\u00bb form_field_font_font=\u00bb|600|||||||\u00bb form_field_font_text_color=\u00bb#494949&#8243; form_field_font_font_size=\u00bb16px\u00bb form_field_font_line_height=\u00bb2em\u00bb labels_font=\u00bb|600|||||||\u00bb labels_text_color=\u00bb#165873&#8243; labels_font_size=\u00bb17px\u00bb background_enable_color=\u00bboff\u00bb custom_submit_button=\u00bbon\u00bb submit_button_text_size=\u00bb22px\u00bb submit_button_text_color=\u00bb#FFFFFF\u00bb submit_button_bg_color=\u00bb#3FBFB2&#8243; submit_button_border_color=\u00bb#3FBFB2&#8243; submit_button_border_radius=\u00bb15px\u00bb max_width=\u00bb70%\u00bb max_width_tablet=\u00bb100%\u00bb max_width_phone=\u00bb100%\u00bb max_width_last_edited=\u00bbon|desktop\u00bb custom_margin=\u00bb||||false|false\u00bb custom_margin_tablet=\u00bb|||0px|false|false\u00bb custom_margin_phone=\u00bb|||0px|false|false\u00bb custom_margin_last_edited=\u00bbon|phone\u00bb custom_padding=\u00bb|4px||4px|false|true\u00bb border_radii_field=\u00bbon|12px|12px|12px|12px\u00bb border_width_all_field=\u00bb1px\u00bb border_color_all_field=\u00bb#3FBFB2&#8243; box_shadow_style_submit_button=\u00bbpreset2&#8243; box_shadow_blur_submit_button=\u00bb40px\u00bb box_shadow_spread_submit_button=\u00bb-14px\u00bb global_colors_info=\u00bb{}\u00bb][\/dvppl_cf7_styler][et_pb_social_media_follow icon_color=\u00bb#3FBFB2&#8243; use_icon_font_size=\u00bbon\u00bb icon_font_size=\u00bb20px\u00bb icon_font_size_tablet=\u00bb20px\u00bb icon_font_size_phone=\u00bb20px\u00bb icon_font_size_last_edited=\u00bbon|phone\u00bb _builder_version=\u00bb4.25.2&#8243; _module_preset=\u00bbdefault\u00bb text_orientation=\u00bbleft\u00bb max_width_tablet=\u00bb100%\u00bb max_width_phone=\u00bb100%\u00bb max_width_last_edited=\u00bbon|phone\u00bb custom_margin=\u00bb90px|||||\u00bb custom_padding=\u00bb|||34px||\u00bb text_orientation_tablet=\u00bbleft\u00bb text_orientation_phone=\u00bb\u00bb text_orientation_last_edited=\u00bbon|desktop\u00bb border_radii=\u00bbon|100px|100px|100px|100px\u00bb border_width_all=\u00bb2px\u00bb border_color_all=\u00bb#3FBFB2&#8243; locked=\u00bboff\u00bb global_colors_info=\u00bb{}\u00bb][et_pb_social_media_follow_network social_network=\u00bbfacebook\u00bb url=\u00bbhttps:\/\/www.facebook.com\/profile.php?id=100070347305543&#8243; _builder_version=\u00bb4.25.1&#8243; _module_preset=\u00bbdefault\u00bb custom_padding=\u00bb4px|4px|4px|4px|true|true\u00bb global_colors_info=\u00bb{}\u00bb follow_button=\u00bboff\u00bb url_new_window=\u00bbon\u00bb]facebook[\/et_pb_social_media_follow_network][et_pb_social_media_follow_network social_network=\u00bbinstagram\u00bb url=\u00bbhttps:\/\/www.instagram.com\/san_nicolascm\u00bb _builder_version=\u00bb4.25.1&#8243; _module_preset=\u00bbdefault\u00bb custom_padding=\u00bb4px|4px|4px|4px|true|true\u00bb global_colors_info=\u00bb{}\u00bb follow_button=\u00bboff\u00bb url_new_window=\u00bbon\u00bb]instagram[\/et_pb_social_media_follow_network][et_pb_social_media_follow_network social_network=\u00bbwhatsapp\u00bb url=\u00bbhttps:\/\/wa.me\/+56958953310&#8243; _builder_version=\u00bb4.25.1&#8243; _module_preset=\u00bbdefault\u00bb custom_padding=\u00bb4px|4px|4px|4px|true|true\u00bb global_colors_info=\u00bb{}\u00bb follow_button=\u00bboff\u00bb url_new_window=\u00bbon\u00bb]whatsapp[\/et_pb_social_media_follow_network][\/et_pb_social_media_follow][\/et_pb_column][\/et_pb_row][\/et_pb_section]<\/p>\n","protected":false},"excerpt":{"rendered":"<p>Correo Electr\u00f3nicoadministracion@saludnicolas.clDirecci\u00f3nArgomedo #2093 Quinta de TilcocoTe invitamos a ser parte de nuestro equipo.En Centro M\u00e9dico san Nicol\u00e1s puedes dejarnos tu curriculum y nos pondremos en contacto contigo para que te sumes a nuestra familia de profesionales.<div class=\"et_pb_module dvppl_cf7_styler dvppl_cf7_styler_0\">\n\t\t\t\t\n\t\t\t\t\n\t\t\t\t\n\t\t\t\t\n\t\t\t\t\n\t\t\t\t\n\t\t\t\t<div class=\"et_pb_module_inner\">\n\t\t\t\t\t<div class=\"dipe-cf7-container dipe-cf7-button-left\">\n\t\t\t\t\n\t\t\t\t<div class=\"dipe-cf7 dipe-cf7-styler \">\n\t\t\t\t\t<p class=\"wpcf7-contact-form-not-found\"><strong>Error:<\/strong> Formulario de contacto no encontrado.<\/p>\n\t\t\t\t<\/div>\n\t\t\t<\/div>\n\t\t\t\t<\/div>\n\t\t\t<\/div><\/p>\n","protected":false},"author":1,"featured_media":0,"parent":0,"menu_order":0,"comment_status":"closed","ping_status":"closed","template":"","meta":{"_et_pb_use_builder":"on","_et_pb_old_content":"<!-- wp:divi\/placeholder \/-->","_et_gb_content_width":"","_joinchat":[],"footnotes":""},"class_list":["post-15","page","type-page","status-publish","hentry"],"_hostinger_reach_plugin_has_subscription_block":false,"_hostinger_reach_plugin_is_elementor":false,"_links":{"self":[{"href":"https:\/\/saludnicolas.cl\/index.php\/wp-json\/wp\/v2\/pages\/15","targetHints":{"allow":["GET"]}}],"collection":[{"href":"https:\/\/saludnicolas.cl\/index.php\/wp-json\/wp\/v2\/pages"}],"about":[{"href":"https:\/\/saludnicolas.cl\/index.php\/wp-json\/wp\/v2\/types\/page"}],"author":[{"embeddable":true,"href":"https:\/\/saludnicolas.cl\/index.php\/wp-json\/wp\/v2\/users\/1"}],"replies":[{"embeddable":true,"href":"https:\/\/saludnicolas.cl\/index.php\/wp-json\/wp\/v2\/comments?post=15"}],"version-history":[{"count":8,"href":"https:\/\/saludnicolas.cl\/index.php\/wp-json\/wp\/v2\/pages\/15\/revisions"}],"predecessor-version":[{"id":278032,"href":"https:\/\/saludnicolas.cl\/index.php\/wp-json\/wp\/v2\/pages\/15\/revisions\/278032"}],"wp:attachment":[{"href":"https:\/\/saludnicolas.cl\/index.php\/wp-json\/wp\/v2\/media?parent=15"}],"curies":[{"name":"wp","href":"https:\/\/api.w.org\/{rel}","templated":true}]}}