{"id":21,"date":"2024-06-07T23:40:08","date_gmt":"2024-06-07T21:40:08","guid":{"rendered":"https:\/\/saludnicolas.cl\/?page_id=21"},"modified":"2025-04-14T20:36:44","modified_gmt":"2025-04-14T18:36:44","slug":"examenes","status":"publish","type":"page","link":"https:\/\/saludnicolas.cl\/index.php\/examenes\/","title":{"rendered":"Ex\u00e1menes"},"content":{"rendered":"<p>[et_pb_section fb_built=\u00bb1&#8243; custom_padding_last_edited=\u00bbon|phone\u00bb _builder_version=\u00bb4.25.2&#8243; _module_preset=\u00bbdefault\u00bb background_color=\u00bb#41BFBF\u00bb background_image=\u00bbhttps:\/\/saludnicolas.cl\/wp-content\/uploads\/2024\/06\/BANNER-EXAMENES.jpg\u00bb background_blend=\u00bbmultiply\u00bb custom_padding=\u00bb225px||225px||true|\u00bb custom_padding_tablet=\u00bb100px||100px||true|false\u00bb custom_padding_phone=\u00bb70px||70px||true|false\u00bb bottom_divider_style=\u00bbasymmetric4&#8243; bottom_divider_color=\u00bb#165873&#8243; bottom_divider_height=\u00bb200px\u00bb global_colors_info=\u00bb{}\u00bb][et_pb_row _builder_version=\u00bb4.25.1&#8243; _module_preset=\u00bbdefault\u00bb global_colors_info=\u00bb{}\u00bb][et_pb_column type=\u00bb4_4&#8243; _builder_version=\u00bb4.25.1&#8243; _module_preset=\u00bbdefault\u00bb global_colors_info=\u00bb{}\u00bb][et_pb_text _builder_version=\u00bb4.25.1&#8243; _dynamic_attributes=\u00bbcontent\u00bb _module_preset=\u00bbdefault\u00bb header_font=\u00bb|&#8211;et_global_heading_font_weight|||||||\u00bb header_text_align=\u00bbcenter\u00bb header_text_color=\u00bb#F2F2F2&#8243; header_font_size=\u00bb65px\u00bb header_letter_spacing=\u00bb-1px\u00bb header_font_size_tablet=\u00bb40px\u00bb header_font_size_phone=\u00bb40px\u00bb header_font_size_last_edited=\u00bbon|phone\u00bb global_colors_info=\u00bb{}\u00bb]@ET-DC@eyJkeW5hbWljIjp0cnVlLCJjb250ZW50IjoicG9zdF9saW5rIiwic2V0dGluZ3MiOnsiYmVmb3JlIjoiPEgxPiIsImFmdGVyIjoiPEgxPiIsInRleHQiOiJwb3N0X3RpdGxlIiwiY3VzdG9tX3RleHQiOiIifX0=@[\/et_pb_text][\/et_pb_column][\/et_pb_row][\/et_pb_section][et_pb_section fb_built=\u00bb1&#8243; _builder_version=\u00bb4.25.2&#8243; _module_preset=\u00bbdefault\u00bb background_color=\u00bb#165873&#8243; global_colors_info=\u00bb{}\u00bb][et_pb_row _builder_version=\u00bb4.25.2&#8243; _module_preset=\u00bbdefault\u00bb global_colors_info=\u00bb{}\u00bb][et_pb_column type=\u00bb4_4&#8243; _builder_version=\u00bb4.25.2&#8243; _module_preset=\u00bbdefault\u00bb global_colors_info=\u00bb{}\u00bb][et_pb_text _builder_version=\u00bb4.25.2&#8243; _module_preset=\u00bbdefault\u00bb header_2_font=\u00bb&#8211;et_global_heading_font|800|||||||\u00bb header_2_text_align=\u00bbcenter\u00bb header_2_text_color=\u00bb#FFFFFF\u00bb header_2_font_size=\u00bb50px\u00bb header_2_font_size_tablet=\u00bb30px\u00bb header_2_font_size_phone=\u00bb27px\u00bb header_2_font_size_last_edited=\u00bbon|phone\u00bb global_colors_info=\u00bb{}\u00bb]<\/p>\n<h2>LABORATORIO &#8211; TOMA DE MUESTRAS<\/h2>\n<p>[\/et_pb_text][\/et_pb_column][\/et_pb_row][et_pb_row column_structure=\u00bb1_2,1_2&#8243; _builder_version=\u00bb4.25.2&#8243; _module_preset=\u00bbdefault\u00bb global_colors_info=\u00bb{}\u00bb][et_pb_column type=\u00bb1_2&#8243; _builder_version=\u00bb4.25.2&#8243; _module_preset=\u00bbdefault\u00bb global_colors_info=\u00bb{}\u00bb][et_pb_image src=\u00bbhttps:\/\/saludnicolas.cl\/wp-content\/uploads\/2024\/06\/ENFERMERA-SACANDO-SANGRE-A-PACIENTE.jpg\u00bb title_text=\u00bbENFERMERA SACANDO SANGRE A PACIENTE\u00bb _builder_version=\u00bb4.25.2&#8243; _module_preset=\u00bbdefault\u00bb custom_padding=\u00bb||||true|false\u00bb animation_style=\u00bbslide\u00bb animation_direction=\u00bbleft\u00bb border_radii=\u00bbon|40px|40px|40px|40px\u00bb border_width_left=\u00bb10px\u00bb border_color_left=\u00bb#3FBFB2&#8243; box_shadow_style=\u00bbpreset1&#8243; box_shadow_vertical=\u00bb1px\u00bb box_shadow_blur=\u00bb30px\u00bb box_shadow_spread=\u00bb-7px\u00bb global_colors_info=\u00bb{}\u00bb][\/et_pb_image][\/et_pb_column][et_pb_column type=\u00bb1_2&#8243; module_class=\u00bbinline-buttons\u00bb _builder_version=\u00bb4.25.2&#8243; _module_preset=\u00bbdefault\u00bb global_colors_info=\u00bb{}\u00bb][et_pb_text _builder_version=\u00bb4.25.2&#8243; _module_preset=\u00bbdefault\u00bb header_4_font=\u00bb|300|||||||\u00bb header_4_text_align=\u00bbleft\u00bb header_4_text_color=\u00bb#FFFFFF\u00bb header_4_line_height=\u00bb1.2em\u00bb global_colors_info=\u00bb{}\u00bb]<\/p>\n<h4><span>Nuestro servicio de Toma de muestras de laboratorio funciona de <strong>lunes a s\u00e1bado de 8:00 a 10:00\u202fam<\/strong>. La atenci\u00f3n es por <strong>orden de llegada.<\/strong><\/span><\/h4>\n<p>[\/et_pb_text][et_pb_text _builder_version=\u00bb4.25.2&#8243; _module_preset=\u00bbdefault\u00bb text_text_color=\u00bb#FFFFFF\u00bb header_4_font=\u00bb|300|||||||\u00bb header_4_text_align=\u00bbleft\u00bb header_4_text_color=\u00bb#494949&#8243; header_4_line_height=\u00bb1.2em\u00bb global_colors_info=\u00bb{}\u00bb]<\/p>\n<p><span>Cont\u00e1ctanos por WhatsApp y env\u00edanos una fotograf\u00eda de tu orden m\u00e9dica.<\/span><\/p>\n<p>[\/et_pb_text][et_pb_text _builder_version=\u00bb4.25.2&#8243; _module_preset=\u00bbdefault\u00bb text_text_color=\u00bb#FFFFFF\u00bb header_4_font=\u00bb|300|||||||\u00bb header_4_text_align=\u00bbleft\u00bb header_4_text_color=\u00bb#494949&#8243; header_4_line_height=\u00bb1.2em\u00bb global_colors_info=\u00bb{}\u00bb]<\/p>\n<p><span>Tambi\u00e9n puedes revisar la disponibilidad y las indicaciones de cada examen entregadas por nuestro laboratorio<\/span><\/p>\n<p>[\/et_pb_text][et_pb_button button_url=\u00bbhttps:\/\/wa.me\/+56958953310&#8243; url_new_window=\u00bbon\u00bb button_text=\u00bbContactar\u00bb _builder_version=\u00bb4.25.2&#8243; _module_preset=\u00bbdefault\u00bb custom_button=\u00bbon\u00bb button_text_color=\u00bb#FFFFFF\u00bb button_bg_color=\u00bbRGBA(255,255,255,0)\u00bb button_border_color=\u00bb#FFFFFF\u00bb button_border_radius=\u00bb20px\u00bb button_icon=\u00bb&#xf232;||fa||400&#8243; button_icon_color=\u00bb#FFFFFF\u00bb button_icon_placement=\u00bbleft\u00bb button_on_hover=\u00bboff\u00bb custom_margin=\u00bb||||true|false\u00bb custom_margin_tablet=\u00bb||||true|false\u00bb custom_margin_phone=\u00bb8px||8px||true|false\u00bb custom_margin_last_edited=\u00bbon|phone\u00bb custom_padding_tablet=\u00bb\u00bb custom_padding_phone=\u00bb|25px||25px|false|true\u00bb custom_padding_last_edited=\u00bbon|phone\u00bb animation_style=\u00bbslide\u00bb animation_direction=\u00bbright\u00bb button_text_size_tablet=\u00bb\u00bb button_text_size_phone=\u00bb16px\u00bb button_text_size_last_edited=\u00bbon|phone\u00bb global_colors_info=\u00bb{}\u00bb button_border_color__hover_enabled=\u00bbon|hover\u00bb button_border_color__hover=\u00bb#FFFFFF\u00bb][\/et_pb_button][et_pb_button url_new_window=\u00bbon\u00bb button_text=\u00bbVer Indicaciones\u00bb _builder_version=\u00bb4.25.2&#8243; _module_preset=\u00bbdefault\u00bb custom_button=\u00bbon\u00bb button_text_color=\u00bb#FFFFFF\u00bb button_bg_color=\u00bb#41BFBF\u00bb button_border_color=\u00bb#3FBFB2&#8243; button_border_radius=\u00bb20px\u00bb button_use_icon=\u00bboff\u00bb custom_margin=\u00bb||||true|false\u00bb custom_margin_tablet=\u00bb||||true|false\u00bb custom_margin_phone=\u00bb8px||8px||true|false\u00bb custom_margin_last_edited=\u00bbon|phone\u00bb animation_style=\u00bbslide\u00bb animation_direction=\u00bbright\u00bb animation_delay=\u00bb200ms\u00bb button_text_size_tablet=\u00bb\u00bb button_text_size_phone=\u00bb16px\u00bb button_text_size_last_edited=\u00bbon|phone\u00bb global_colors_info=\u00bb{}\u00bb button_border_color__hover_enabled=\u00bbon|hover\u00bb button_border_color__hover=\u00bb#3FBFB2&#8243;][\/et_pb_button][\/et_pb_column][\/et_pb_row][\/et_pb_section][et_pb_section fb_built=\u00bb1&#8243; custom_padding_last_edited=\u00bbon|phone\u00bb _builder_version=\u00bb4.25.2&#8243; _module_preset=\u00bbdefault\u00bb background_image=\u00bbhttps:\/\/saludnicolas.cl\/wp-content\/uploads\/2024\/06\/DOCTORA_REVISANDO_RADIOGRAFIA.jpg\u00bb parallax=\u00bbon\u00bb parallax_method=\u00bboff\u00bb custom_margin=\u00bb0px||0px||false|false\u00bb custom_margin_tablet=\u00bb0px||300px||false|false\u00bb custom_margin_phone=\u00bb0px||300px||false|false\u00bb custom_margin_last_edited=\u00bboff|desktop\u00bb custom_padding=\u00bb18px||18px||true|false\u00bb custom_padding_tablet=\u00bb18px||18px||true|false\u00bb custom_padding_phone=\u00bb18px||18px||true|false\u00bb background_last_edited=\u00bbon|desktop\u00bb parallax_tablet=\u00bboff\u00bb global_colors_info=\u00bb{}\u00bb][et_pb_row _builder_version=\u00bb4.25.2&#8243; _module_preset=\u00bbdefault\u00bb custom_padding=\u00bb115px|||||\u00bb global_colors_info=\u00bb{}\u00bb][et_pb_column type=\u00bb4_4&#8243; _builder_version=\u00bb4.25.2&#8243; _module_preset=\u00bbdefault\u00bb global_colors_info=\u00bb{}\u00bb][et_pb_text _builder_version=\u00bb4.25.2&#8243; _module_preset=\u00bbdefault\u00bb header_2_font=\u00bb&#8211;et_global_heading_font|800|||||||\u00bb header_2_text_align=\u00bbcenter\u00bb header_2_text_color=\u00bb#FFFFFF\u00bb header_2_font_size=\u00bb50px\u00bb header_2_font_size_tablet=\u00bb30px\u00bb header_2_font_size_phone=\u00bb27px\u00bb header_2_font_size_last_edited=\u00bbon|phone\u00bb global_colors_info=\u00bb{}\u00bb]<\/p>\n<h2>IMAGENOLOG\u00cdA<\/h2>\n<p>[\/et_pb_text][et_pb_text _builder_version=\u00bb4.25.2&#8243; _module_preset=\u00bbdefault\u00bb text_text_color=\u00bb#FFFFFF\u00bb text_orientation=\u00bbcenter\u00bb global_colors_info=\u00bb{}\u00bb]<\/p>\n<p><span>En centro m\u00e9dico San Nicol\u00e1s, contamos con equipos Europeos de alta tecnolog\u00eda y profesionales especializados que realizan el examen con el fin de entregar a nuestros pacientes un diagn\u00f3stico preciso y certero.<\/span><\/p>\n<p>&nbsp;<\/p>\n<p>[\/et_pb_text][\/et_pb_column][\/et_pb_row][et_pb_row custom_padding_last_edited=\u00bbon|phone\u00bb _builder_version=\u00bb4.25.2&#8243; _module_preset=\u00bbdefault\u00bb positioning=\u00bbnone\u00bb vertical_offset=\u00bb180px\u00bb z_index=\u00bb20&#8243; width=\u00bb100%\u00bb custom_margin=\u00bb||||false|false\u00bb custom_margin_tablet=\u00bb||||false|true\u00bb custom_margin_phone=\u00bb||||false|true\u00bb custom_margin_last_edited=\u00bbon|tablet\u00bb custom_padding=\u00bb0px||||false|true\u00bb custom_padding_tablet=\u00bb|12px||12px|false|true\u00bb custom_padding_phone=\u00bb|12px||12px|false|true\u00bb animation_style=\u00bbbounce\u00bb animation_direction=\u00bbbottom\u00bb global_colors_info=\u00bb{}\u00bb][et_pb_column type=\u00bb4_4&#8243; _builder_version=\u00bb4.25.2&#8243; _module_preset=\u00bbdefault\u00bb global_colors_info=\u00bb{}\u00bb][et_pb_tabs active_tab_background_color=\u00bb#41BFBF\u00bb inactive_tab_background_color=\u00bb#F2F2F2&#8243; active_tab_text_color=\u00bb#FFFFFF\u00bb _builder_version=\u00bb4.27.4&#8243; _module_preset=\u00bbdefault\u00bb tab_text_color=\u00bb#494949&#8243; body_text_color=\u00bb#494949&#8243; tab_font_size=\u00bb17px\u00bb width=\u00bb100%\u00bb max_width=\u00bb100%\u00bb custom_margin=\u00bb0px||0px|200px|true|false\u00bb custom_margin_tablet=\u00bb|||0px|true|false\u00bb custom_margin_phone=\u00bb10px||10px||true|true\u00bb custom_margin_last_edited=\u00bbon|tablet\u00bb custom_padding=\u00bb|300px|0px||false|false\u00bb custom_padding_tablet=\u00bb|0px|||false|false\u00bb custom_padding_phone=\u00bb|0px|||false|false\u00bb custom_padding_last_edited=\u00bbon|desktop\u00bb hover_enabled=\u00bb0&#8243; tab_font_size_tablet=\u00bb15px\u00bb tab_font_size_phone=\u00bb14px\u00bb tab_font_size_last_edited=\u00bbon|phone\u00bb custom_css_main_element=\u00bbdisplay: flex;||flex-direction: row;||\/*flex-direction: row-reverse;*\/\u00bb custom_css_tabs_controls=\u00bbwidth: 30%;||background-color: #fff;\u00bb custom_css_tab=\u00bbwidth: 100%;||height: 90px;||border: none;||border-bottom: 4px solid #fff;\u00bb border_radii=\u00bbon|20px|20px|20px|20px\u00bb border_width_all=\u00bb0px\u00bb border_color_all=\u00bb#165873&#8243; global_colors_info=\u00bb{}\u00bb custom_css_main_element_last_edited=\u00bbon|desktop\u00bb custom_css_main_element_phone=\u00bbdisplay: flex;||flex-direction: column;||\/*flex-direction: row-reverse;*\/\u00bb custom_css_tabs_controls_last_edited=\u00bbon|phone\u00bb custom_css_tabs_controls_tablet=\u00bbwidth: 60%;||background-color: #fff;\u00bb custom_css_tabs_controls_phone=\u00bbwidth: 100%;||background-color: #fff;\u00bb custom_css_tab_last_edited=\u00bbon|desktop\u00bb custom_css_tab_phone=\u00bbwidth: 100%;||height: 50px;||border: none;||border-bottom: 3px solid #fff;||padding-top: 8px\u00bb custom_css_main_element_tablet=\u00bbdisplay: flex;||flex-direction: row;||\/*flex-direction: row-reverse;*\/\u00bb custom_css_tab_tablet=\u00bbwidth: 100%;||height: 90px;||border: none;||border-bottom: 4px solid #fff;\u00bb sticky_enabled=\u00bb0&#8243;][et_pb_tab title=\u00bbECOTOMOGRAF\u00cdA GENERAL\u00bb _builder_version=\u00bb4.27.4&#8243; _module_preset=\u00bbdefault\u00bb hover_enabled=\u00bb0&#8243; global_colors_info=\u00bb{}\u00bb sticky_enabled=\u00bb0&#8243;]<\/p>\n<ul>\n<li><span>Abdominal<\/span><\/li>\n<li><span>P\u00e9lvica femenina y masculina<\/span><\/li>\n<li><span>Vesicoprost\u00e1tica<\/span><span> Renal <\/span><\/li>\n<li><span>Testicular <\/span><\/li>\n<li><span>Tiroidea <\/span><\/li>\n<li><span>Partes blandas y <\/span><span class=\"misspelling correction\" data-type=\"misspelling\" data-suggestions=\"[{&quot;value&quot;:&quot;m\u00fasculo-esquel\u00e9tica&quot;}]\" data-rule=\"MORFOLOGIK_RULE_ES\" title=\"Se ha encontrado un posible error ortogr\u00e1fico.\" data-word=\"musculoesquel\u00e9tica\">m\u00fasculo-esquel\u00e9tica<\/span><\/li>\n<\/ul>\n<p>[\/et_pb_tab][et_pb_tab title=\u00bbECOGRAF\u00cdA GINECOL\u00d3GICA\u00bb _builder_version=\u00bb4.27.4&#8243; _module_preset=\u00bbdefault\u00bb hover_enabled=\u00bb0&#8243; global_colors_info=\u00bb{}\u00bb sticky_enabled=\u00bb0&#8243;]<\/p>\n<ul>\n<li><span>Ginecol\u00f3gica y <\/span><span class=\"misspelling correction\" data-type=\"misspelling\" data-suggestions=\"[{&quot;value&quot;:&quot;tansvaginal&quot;}]\" data-rule=\"MORFOLOGIK_RULE_ES\" title=\"Se ha encontrado un posible error ortogr\u00e1fico.\" data-word=\"transvaginal\">tansvaginal<\/span><span> <\/span><\/li>\n<\/ul>\n<p><span class=\"misspelling correction\" data-type=\"misspelling\" data-suggestions=\"[{&quot;value&quot;:&quot;tansvaginal&quot;}]\" data-rule=\"MORFOLOGIK_RULE_ES\" title=\"Se ha encontrado un posible error ortogr\u00e1fico.\" data-word=\"transvaginal\"><\/span><\/p>\n<ul>\n<li><span>Primer trimestre <\/span><\/li>\n<li><span>Segundo trimestre <\/span><\/li>\n<li><span>Tercer trimestre <\/span><\/li>\n<li><span>Doppler obst\u00e9trico<\/span><\/li>\n<\/ul>\n<p>[\/et_pb_tab][\/et_pb_tabs][\/et_pb_column][\/et_pb_row][\/et_pb_section][et_pb_section fb_built=\u00bb1&#8243; next_background_color=\u00bb#ffffff\u00bb _builder_version=\u00bb4.25.2&#8243; _module_preset=\u00bbdefault\u00bb background_color=\u00bb#F2F2F2&#8243; bottom_divider_style=\u00bbmountains2&#8243; bottom_divider_height=\u00bb149px\u00bb global_colors_info=\u00bb{}\u00bb][et_pb_row column_structure=\u00bb1_2,1_2&#8243; _builder_version=\u00bb4.25.2&#8243; _module_preset=\u00bbdefault\u00bb global_colors_info=\u00bb{}\u00bb][et_pb_column type=\u00bb1_2&#8243; _builder_version=\u00bb4.25.2&#8243; _module_preset=\u00bbdefault\u00bb global_colors_info=\u00bb{}\u00bb][et_pb_text _builder_version=\u00bb4.25.2&#8243; _module_preset=\u00bbdefault\u00bb header_2_font=\u00bb&#8211;et_global_heading_font|800|||||||\u00bb header_2_text_align=\u00bbleft\u00bb header_2_text_color=\u00bb#0E4C73&#8243; header_2_font_size=\u00bb50px\u00bb custom_padding=\u00bb45px|||||\u00bb header_2_font_size_tablet=\u00bb30px\u00bb header_2_font_size_phone=\u00bb27px\u00bb header_2_font_size_last_edited=\u00bbon|phone\u00bb global_colors_info=\u00bb{}\u00bb]<\/p>\n<h2>CARDIOLOG\u00cdA<\/h2>\n<p>[\/et_pb_text][et_pb_text _builder_version=\u00bb4.25.2&#8243; _module_preset=\u00bbdefault\u00bb text_text_color=\u00bb#494949&#8243; global_colors_info=\u00bb{}\u00bb]<\/p>\n<p>Realizamos diferentes ex\u00e1menes cardiol\u00f3gicos, que son procedimientos indoloros y no invasivos que ayudan a diagnosticar diversos problemas card\u00edacos.<\/p>\n<p>[\/et_pb_text][et_pb_text _builder_version=\u00bb4.25.2&#8243; _module_preset=\u00bbdefault\u00bb header_5_text_color=\u00bb#494949&#8243; global_colors_info=\u00bb{}\u00bb]<\/p>\n<ul>\n<li>\n<h5><strong>Holter de presi\u00f3n<\/strong><\/h5>\n<\/li>\n<li>\n<h5><strong>Holter de ritmo card\u00edaco<\/strong><\/h5>\n<\/li>\n<li>\n<h5><strong>Electrocardiograma<\/strong><strong><\/strong><\/h5>\n<\/li>\n<\/ul>\n<p>[\/et_pb_text][\/et_pb_column][et_pb_column type=\u00bb1_2&#8243; _builder_version=\u00bb4.25.2&#8243; _module_preset=\u00bbdefault\u00bb global_colors_info=\u00bb{}\u00bb][et_pb_image src=\u00bbhttps:\/\/saludnicolas.cl\/wp-content\/uploads\/2024\/06\/ENFERMARA-REVIZANDO-CORAZON.jpg\u00bb title_text=\u00bbENFERMARA REVIZANDO CORAZON\u00bb _builder_version=\u00bb4.25.2&#8243; _module_preset=\u00bbdefault\u00bb width=\u00bb100%\u00bb max_width=\u00bb100%\u00bb animation_style=\u00bbslide\u00bb animation_direction=\u00bbright\u00bb border_radii=\u00bbon|20px|20px|20px|20px\u00bb border_width_right=\u00bb10px\u00bb border_color_right=\u00bb#41BFBF\u00bb box_shadow_style=\u00bbpreset1&#8243; box_shadow_blur=\u00bb10px\u00bb global_colors_info=\u00bb{}\u00bb][\/et_pb_image][\/et_pb_column][\/et_pb_row][\/et_pb_section]<\/p>\n","protected":false},"excerpt":{"rendered":"<p>LABORATORIO &#8211; TOMA DE MUESTRASNuestro servicio de Toma de muestras de laboratorio funciona de lunes a s\u00e1bado de 8:00 a 10:00\u202fam. La atenci\u00f3n es por orden de llegada.Cont\u00e1ctanos por WhatsApp y env\u00edanos una fotograf\u00eda de tu orden m\u00e9dica.Tambi\u00e9n puedes revisar la disponibilidad y las indicaciones de cada examen entregadas por nuestro laboratorioIMAGENOLOG\u00cdAEn centro m\u00e9dico San [&hellip;]<\/p>\n","protected":false},"author":1,"featured_media":0,"parent":0,"menu_order":0,"comment_status":"closed","ping_status":"closed","template":"","meta":{"_et_pb_use_builder":"on","_et_pb_old_content":"<!-- wp:divi\/placeholder \/-->","_et_gb_content_width":"","_joinchat":[],"footnotes":""},"class_list":["post-21","page","type-page","status-publish","hentry"],"_hostinger_reach_plugin_has_subscription_block":false,"_hostinger_reach_plugin_is_elementor":false,"_links":{"self":[{"href":"https:\/\/saludnicolas.cl\/index.php\/wp-json\/wp\/v2\/pages\/21","targetHints":{"allow":["GET"]}}],"collection":[{"href":"https:\/\/saludnicolas.cl\/index.php\/wp-json\/wp\/v2\/pages"}],"about":[{"href":"https:\/\/saludnicolas.cl\/index.php\/wp-json\/wp\/v2\/types\/page"}],"author":[{"embeddable":true,"href":"https:\/\/saludnicolas.cl\/index.php\/wp-json\/wp\/v2\/users\/1"}],"replies":[{"embeddable":true,"href":"https:\/\/saludnicolas.cl\/index.php\/wp-json\/wp\/v2\/comments?post=21"}],"version-history":[{"count":26,"href":"https:\/\/saludnicolas.cl\/index.php\/wp-json\/wp\/v2\/pages\/21\/revisions"}],"predecessor-version":[{"id":278116,"href":"https:\/\/saludnicolas.cl\/index.php\/wp-json\/wp\/v2\/pages\/21\/revisions\/278116"}],"wp:attachment":[{"href":"https:\/\/saludnicolas.cl\/index.php\/wp-json\/wp\/v2\/media?parent=21"}],"curies":[{"name":"wp","href":"https:\/\/api.w.org\/{rel}","templated":true}]}}